{"id":64,"date":"2013-10-17T16:59:23","date_gmt":"2013-10-17T16:59:23","guid":{"rendered":"http:\/\/muhannadyoga.fi\/?page_id=64"},"modified":"2013-11-08T20:07:41","modified_gmt":"2013-11-08T20:07:41","slug":"tulevaisuus","status":"publish","type":"page","link":"http:\/\/muhannadyoga.fi\/?page_id=64","title":{"rendered":"Tulevaisuus"},"content":{"rendered":"<p>Kokonaisvaltaisten kurssip\u00e4ivien aikana tutustutaan joogan historiaan, tarinoihin ja jokaisen henkil\u00f6kohtaiseen kasvun polkuun.<\/p>\n<p>Pian lis\u00e4\u00e4 &#8230;<\/p>\n","protected":false},"excerpt":{"rendered":"<p>Kokonaisvaltaisten kurssip\u00e4ivien aikana tutustutaan joogan historiaan, tarinoihin ja jokaisen henkil\u00f6kohtaiseen kasvun polkuun. Pian lis\u00e4\u00e4 &#8230;<\/p>\n","protected":false},"author":1,"featured_media":0,"parent":15,"menu_order":0,"comment_status":"open","ping_status":"open","template":"","meta":[],"_links":{"self":[{"href":"http:\/\/muhannadyoga.fi\/index.php?rest_route=\/wp\/v2\/pages\/64"}],"collection":[{"href":"http:\/\/muhannadyoga.fi\/index.php?rest_route=\/wp\/v2\/pages"}],"about":[{"href":"http:\/\/muhannadyoga.fi\/index.php?rest_route=\/wp\/v2\/types\/page"}],"author":[{"embeddable":true,"href":"http:\/\/muhannadyoga.fi\/index.php?rest_route=\/wp\/v2\/users\/1"}],"replies":[{"embeddable":true,"href":"http:\/\/muhannadyoga.fi\/index.php?rest_route=%2Fwp%2Fv2%2Fcomments&post=64"}],"version-history":[{"count":2,"href":"http:\/\/muhannadyoga.fi\/index.php?rest_route=\/wp\/v2\/pages\/64\/revisions"}],"predecessor-version":[{"id":84,"href":"http:\/\/muhannadyoga.fi\/index.php?rest_route=\/wp\/v2\/pages\/64\/revisions\/84"}],"up":[{"embeddable":true,"href":"http:\/\/muhannadyoga.fi\/index.php?rest_route=\/wp\/v2\/pages\/15"}],"wp:attachment":[{"href":"http:\/\/muhannadyoga.fi\/index.php?rest_route=%2Fwp%2Fv2%2Fmedia&parent=64"}],"curies":[{"name":"wp","href":"https:\/\/api.w.org\/{rel}","templated":true}]}}