{"id":4,"date":"2013-10-03T13:32:42","date_gmt":"2013-10-03T13:32:42","guid":{"rendered":"http:\/\/muhannadyoga.fi\/?page_id=4"},"modified":"2013-11-08T20:17:33","modified_gmt":"2013-11-08T20:17:33","slug":"kuka","status":"publish","type":"page","link":"http:\/\/muhannadyoga.fi\/?page_id=4","title":{"rendered":"Kuka?"},"content":{"rendered":"<p><a href=\"http:\/\/muhannadyoga.fi\/wp-content\/uploads\/2013\/10\/jooga-10.jpg\" class=\"grouped_elements\" rel=\"tc-fancybox-group4\" title=\"Kuka?   \"><img loading=\"lazy\" class=\"size-medium wp-image-31 alignleft\" alt=\"jooga-10\" src=\"http:\/\/muhannadyoga.fi\/wp-content\/uploads\/2013\/10\/jooga-10-199x300.jpg\" width=\"199\" height=\"300\" srcset=\"http:\/\/muhannadyoga.fi\/wp-content\/uploads\/2013\/10\/jooga-10-199x300.jpg 199w, http:\/\/muhannadyoga.fi\/wp-content\/uploads\/2013\/10\/jooga-10.jpg 531w\" sizes=\"(max-width: 199px) 100vw, 199px\" \/><\/a>Synnyin Damaskoksessa 5.10.1962. Is\u00e4ni oli kuvataiteilija, \u00e4itini toimistoty\u00f6ntekij\u00e4. L\u00e4hisukuuni kuului my\u00f6s kirjailijoita, toimittajia ja poliitikkoja, joten voi sanoa, ett\u00e4 synnyin kulttuuriperheeseen.<\/p>\n<p>Tutustuin joogaan ensimm\u00e4ist\u00e4 kertaa 17-vuotiaana silloisessa kotimaassani Syyriassa. Siit\u00e4 l\u00e4htien jooga on ollut osa el\u00e4m\u00e4\u00e4ni. Olin seitsem\u00e4ntoistavuotias my\u00f6s, kun is\u00e4ni kuoli. Se tietenkin vaikutti dramaattisesti el\u00e4m\u00e4\u00e4ni.<\/p>\n<p>L\u00e4hdin Syyriasta vuonna 1982 opiskelemaan stipendiaattina tietotekniikkaa Neuvostoliittoon. Asuin kaikkiaan viisi vuotta\u00a0 Leningradissa. Halu oppia lis\u00e4\u00e4 joogaa ei kuitenkaan j\u00e4tt\u00e4nyt minua rauhaan. P\u00e4\u00e4tin seurata haluani ja niinp\u00e4 vuosina 1987-1990\u00a0 opiskelin joogaa Filippiineill\u00e4, Davaossa Tantra Yoga\u00a0 Global Training Centeriss\u00e4 sek\u00e4 lyhyin\u00e4 periodeina Intiassa. Ty\u00f6skentelin samalla Filippiineill\u00e4 vapaaehtoisena avustusty\u00f6ntekij\u00e4n\u00e4.<\/p>\n<p>Joogaopintojen j\u00e4lkeen toimin kansainv\u00e4lisen avustusorganisaatio AMURTin\u00a0 (Suomen osasto) koordinaattorina Ven\u00e4j\u00e4ll\u00e4, kun\u00a0 Neuvostoliitto oli hajonnut.\u00a0 Teht\u00e4viini kuului hoitaa elintarvikkeiden ja l\u00e4\u00e4kkeiden jakelua Suomesta ja muualta Euroopasta Ven\u00e4j\u00e4lle.<\/p>\n<p>Suomeen tulin aluksi t\u00f6ihin Frantsilan yrttitilalle, jossa tein monenlaisia ty\u00f6teht\u00e4vi\u00e4 aina tehdasty\u00f6st\u00e4 ja asiakaspalvelusta joogan opetukseen. Vuosina 1995-1997 suoritin \u00a0tutkinnon (International Marketing)\u00a0 Valkeakosken Seudun Kauppaoppilaitoksessa, koska humanit\u00e4\u00e4risten asioiden lis\u00e4ksi olen aina ollut kiinnostunut my\u00f6s yritt\u00e4misest\u00e4.<\/p>\n<p>Olen kaikkien Suomen vuosieni aikana opettanut\u00a0 joogaa\u00a0 (oppilaitoksissa, opistoissa, ty\u00f6yhteis\u00f6iss\u00e4). T\u00e4m\u00e4n lis\u00e4ksi ty\u00f6skentelin 2000-luvulla joitakin vuosia vahtimestarina Tampere-talossa ja viitisen vuotta arabian kielen opettajana Tampereen kaupungilla. Tuolloin aloitin my\u00f6s puualan iltaopinnot. Lis\u00e4ksi olen ajanut taksia, mm. inva-ja koulukyytej\u00e4.<\/p>\n<p>Koska olen el\u00e4nyt eri maissa (olen asunut Suomen lis\u00e4ksi paitsi Syyriassa, my\u00f6s Ven\u00e4j\u00e4ll\u00e4, Filippiineill\u00e4, Turkissa, Intiassa ja Norjassa) ja tehnyt erilaisia t\u00f6it\u00e4, voin sanoa olevani identiteetilt\u00e4ni tamperelainen maailmankansalainen, jonka el\u00e4m\u00e4n p\u00e4\u00e4juoni on jooga ja sivujuonet vaihtelevat aina tilanteen mukaan.<\/p>\n","protected":false},"excerpt":{"rendered":"<p>Synnyin Damaskoksessa 5.10.1962. Is\u00e4ni oli kuvataiteilija, \u00e4itini toimistoty\u00f6ntekij\u00e4. L\u00e4hisukuuni kuului my\u00f6s kirjailijoita, toimittajia ja poliitikkoja, joten voi sanoa, ett\u00e4 synnyin kulttuuriperheeseen. Tutustuin joogaan ensimm\u00e4ist\u00e4 kertaa 17-vuotiaana silloisessa kotimaassani Syyriassa. Siit\u00e4 l\u00e4htien jooga on ollut osa el\u00e4m\u00e4\u00e4ni. Olin seitsem\u00e4ntoistavuotias my\u00f6s, kun is\u00e4ni kuoli. Se tietenkin vaikutti dramaattisesti el\u00e4m\u00e4\u00e4ni. L\u00e4hdin Syyriasta vuonna 1982 opiskelemaan stipendiaattina tietotekniikkaa Neuvostoliittoon. [&hellip;]<\/p>\n","protected":false},"author":1,"featured_media":0,"parent":0,"menu_order":0,"comment_status":"open","ping_status":"open","template":"","meta":[],"_links":{"self":[{"href":"http:\/\/muhannadyoga.fi\/index.php?rest_route=\/wp\/v2\/pages\/4"}],"collection":[{"href":"http:\/\/muhannadyoga.fi\/index.php?rest_route=\/wp\/v2\/pages"}],"about":[{"href":"http:\/\/muhannadyoga.fi\/index.php?rest_route=\/wp\/v2\/types\/page"}],"author":[{"embeddable":true,"href":"http:\/\/muhannadyoga.fi\/index.php?rest_route=\/wp\/v2\/users\/1"}],"replies":[{"embeddable":true,"href":"http:\/\/muhannadyoga.fi\/index.php?rest_route=%2Fwp%2Fv2%2Fcomments&post=4"}],"version-history":[{"count":7,"href":"http:\/\/muhannadyoga.fi\/index.php?rest_route=\/wp\/v2\/pages\/4\/revisions"}],"predecessor-version":[{"id":87,"href":"http:\/\/muhannadyoga.fi\/index.php?rest_route=\/wp\/v2\/pages\/4\/revisions\/87"}],"wp:attachment":[{"href":"http:\/\/muhannadyoga.fi\/index.php?rest_route=%2Fwp%2Fv2%2Fmedia&parent=4"}],"curies":[{"name":"wp","href":"https:\/\/api.w.org\/{rel}","templated":true}]}}